{"id":1297,"date":"2026-02-11T11:34:58","date_gmt":"2026-02-11T11:34:58","guid":{"rendered":"https:\/\/www.rebaudo.com\/?page_id=1297"},"modified":"2026-02-23T13:33:53","modified_gmt":"2026-02-23T12:33:53","slug":"impressum","status":"publish","type":"page","link":"https:\/\/www.rebaudo.com\/ru\/impressum\/","title":{"rendered":"\u0418\u043c\u043f\u0440\u0435\u0441\u0441\u0443\u043c"},"content":{"rendered":"<h1 class=\"wp-block-heading\">\u0418\u043c\u043f\u0440\u0435\u0441\u0441\u0443\u043c<\/h1>\n\n\n\n<h2 class=\"wp-block-heading\">Angaben gem\u00e4\u00df \u00a7 5 DDG<\/h2>\n\n\n\n<p><strong>Rebaudo Real Estate Lawyers SLP<\/strong><br>Plaza Espa\u00f1a 11<br>07002 \u041f\u0430\u043b\u044c\u043c\u0430-\u0434\u0435-\u041c\u0430\u0439\u043e\u0440\u043a\u0430<br>Spanien<\/p>\n\n\n\n<p>NIF: B26615138<\/p>\n\n\n\n<h2 class=\"wp-block-heading\">Vertreten durch<\/h2>\n\n\n\n<p>\u041f\u044c\u0435\u0440\u0434\u0436\u0438\u0434\u0438\u043e \u0420\u0435\u0431\u0430\u0443\u0434\u043e<\/p>\n\n\n\n<h2 class=\"wp-block-heading\">Berufsbezeichnung und zust\u00e4ndige Kammer<\/h2>\n\n\n\n<p>Berufsbezeichnung:<br>Rechtsanwalt (verliehen in Spanien)<\/p>\n\n\n\n<p>Zust\u00e4ndige Kammer:<br>\u041a\u043e\u043b\u043b\u0435\u0433\u0438\u0438 \u0430\u0434\u0432\u043e\u043a\u0430\u0442\u043e\u0432 \u0411\u0430\u043b\u0435\u0430\u0440\u0441\u043a\u0438\u0445 \u043e\u0441\u0442\u0440\u043e\u0432\u043e\u0432<br>Col\u00b7legi d\u2019Advocats de les Illes Balears<br>C\/ Rambla 10<br>07003 Palma de Mallorca<br>Spanien<\/p>\n\n\n\n<p>Mitgliedsnummer: 6476<\/p>\n\n\n\n<h2 class=\"wp-block-heading\">Eintragung<\/h2>\n\n\n\n<p>Eingetragen im Handelsregister Spanien.<\/p>\n\n\n\n<h2 class=\"wp-block-heading\">Berufsrechtliche Regelungen<\/h2>\n\n\n\n<p>Die anwaltliche T\u00e4tigkeit unterliegt den berufsrechtlichen Vorschriften f\u00fcr Rechtsanw\u00e4lte in Spanien.<\/p>\n\n\n\n<h2 class=\"wp-block-heading\">Berufshaftpflichtversicherung<\/h2>\n\n\n\n<p>Es besteht eine Berufshaftpflichtversicherung im Rahmen der gesetzlichen Vorgaben.<br>Der r\u00e4umliche Geltungsbereich umfasst die Europ\u00e4ische Union.<\/p>\n\n\n\n<h2 class=\"wp-block-heading\">Online-Streitbeilegung<\/h2>\n\n\n\n<p>Die Europ\u00e4ische Kommission stellt eine Plattform zur Online-Streitbeilegung (OS) bereit:<br><a href=\"https:\/\/ec.europa.eu\/consumers\/odr\">https:\/\/ec.europa.eu\/consumers\/odr<\/a><\/p>\n\n\n\n<h2 class=\"wp-block-heading\">Kontakt<\/h2>\n\n\n\n<p>Telefon: +34 645 435 331<br>E-mail: <a>rebaudo@rebaudo.com<\/a><\/p>\n\n\n\n<h2 class=\"wp-block-heading\">Verantwortlich f\u00fcr den Inhalt<\/h2>\n\n\n\n<p>\u041f\u044c\u0435\u0440\u0434\u0436\u0438\u0434\u0438\u043e \u0420\u0435\u0431\u0430\u0443\u0434\u043e<br>Plaza Espa\u00f1a 11<br>07002 \u041f\u0430\u043b\u044c\u043c\u0430-\u0434\u0435-\u041c\u0430\u0439\u043e\u0440\u043a\u0430<br>Spanien<\/p>","protected":false},"excerpt":{"rendered":"<p>Impressum Angaben gem\u00e4\u00df \u00a7 5 DDG Rebaudo Real Estate Lawyers SLPPlaza Espa\u00f1a 1107002 Palma de MallorcaSpanien NIF: B26615138 Vertreten durch Pieregidio Rebaudo Berufsbezeichnung und zust\u00e4ndige Kammer Berufsbezeichnung:Rechtsanwalt (verliehen in Spanien) Zust\u00e4ndige Kammer:Rechtsanwaltskammer der BalearenCol\u00b7legi d\u2019Advocats de les Illes BalearsC\/ Rambla 1007003 Palma de MallorcaSpanien Mitgliedsnummer: 6476 Eintragung Eingetragen im Handelsregister Spanien. Berufsrechtliche Regelungen Die anwaltliche [&hellip;]<\/p>\n","protected":false},"author":1,"featured_media":0,"parent":0,"menu_order":0,"comment_status":"closed","ping_status":"closed","template":"","meta":{"_uag_custom_page_level_css":"","site-sidebar-layout":"default","site-content-layout":"","ast-site-content-layout":"default","site-content-style":"default","site-sidebar-style":"default","ast-global-header-display":"","ast-banner-title-visibility":"","ast-main-header-display":"","ast-hfb-above-header-display":"","ast-hfb-below-header-display":"","ast-hfb-mobile-header-display":"","site-post-title":"disabled","ast-breadcrumbs-content":"","ast-featured-img":"","footer-sml-layout":"","ast-disable-related-posts":"","theme-transparent-header-meta":"","adv-header-id-meta":"","stick-header-meta":"","header-above-stick-meta":"","header-main-stick-meta":"","header-below-stick-meta":"","astra-migrate-meta-layouts":"set","ast-page-background-enabled":"default","ast-page-background-meta":{"desktop":{"background-color":"var(--ast-global-color-4)","background-image":"","background-repeat":"repeat","background-position":"center center","background-size":"auto","background-attachment":"scroll","background-type":"","background-media":"","overlay-type":"","overlay-color":"","overlay-opacity":"","overlay-gradient":""},"tablet":{"background-color":"","background-image":"","background-repeat":"repeat","background-position":"center center","background-size":"auto","background-attachment":"scroll","background-type":"","background-media":"","overlay-type":"","overlay-color":"","overlay-opacity":"","overlay-gradient":""},"mobile":{"background-color":"","background-image":"","background-repeat":"repeat","background-position":"center center","background-size":"auto","background-attachment":"scroll","background-type":"","background-media":"","overlay-type":"","overlay-color":"","overlay-opacity":"","overlay-gradient":""}},"ast-content-background-meta":{"desktop":{"background-color":"var(--ast-global-color-5)","background-image":"","background-repeat":"repeat","background-position":"center center","background-size":"auto","background-attachment":"scroll","background-type":"","background-media":"","overlay-type":"","overlay-color":"","overlay-opacity":"","overlay-gradient":""},"tablet":{"background-color":"var(--ast-global-color-5)","background-image":"","background-repeat":"repeat","background-position":"center center","background-size":"auto","background-attachment":"scroll","background-type":"","background-media":"","overlay-type":"","overlay-color":"","overlay-opacity":"","overlay-gradient":""},"mobile":{"background-color":"var(--ast-global-color-5)","background-image":"","background-repeat":"repeat","background-position":"center center","background-size":"auto","background-attachment":"scroll","background-type":"","background-media":"","overlay-type":"","overlay-color":"","overlay-opacity":"","overlay-gradient":""}},"footnotes":""},"class_list":["post-1297","page","type-page","status-publish","hentry"],"yoast_head":"<!-- This site is optimized with the Yoast SEO plugin v27.4 - https:\/\/yoast.com\/product\/yoast-seo-wordpress\/ -->\n<title>Impressum - Rebaudo - Anwalt f\u00fcr Immobilienrecht auf Mallorca<\/title>\n<meta name=\"robots\" content=\"index, follow, max-snippet:-1, max-image-preview:large, max-video-preview:-1\" \/>\n<link rel=\"canonical\" href=\"https:\/\/www.rebaudo.com\/ru\/impressum\/\" \/>\n<meta property=\"og:locale\" content=\"ru_RU\" \/>\n<meta property=\"og:type\" content=\"article\" \/>\n<meta property=\"og:title\" content=\"Impressum - Rebaudo - Anwalt f\u00fcr Immobilienrecht auf Mallorca\" \/>\n<meta property=\"og:description\" content=\"Impressum Angaben gem\u00e4\u00df \u00a7 5 DDG Rebaudo Real Estate Lawyers SLPPlaza Espa\u00f1a 1107002 Palma de MallorcaSpanien NIF: B26615138 Vertreten durch Pieregidio Rebaudo Berufsbezeichnung und zust\u00e4ndige Kammer Berufsbezeichnung:Rechtsanwalt (verliehen in Spanien) Zust\u00e4ndige Kammer:Rechtsanwaltskammer der BalearenCol\u00b7legi d\u2019Advocats de les Illes BalearsC\/ Rambla 1007003 Palma de MallorcaSpanien Mitgliedsnummer: 6476 Eintragung Eingetragen im Handelsregister Spanien. Berufsrechtliche Regelungen Die anwaltliche [&hellip;]\" \/>\n<meta property=\"og:url\" content=\"https:\/\/www.rebaudo.com\/ru\/impressum\/\" \/>\n<meta property=\"og:site_name\" content=\"Rebaudo - Anwalt f\u00fcr Immobilienrecht auf Mallorca\" \/>\n<meta property=\"article:modified_time\" content=\"2026-02-23T12:33:53+00:00\" \/>\n<meta name=\"twitter:card\" content=\"summary_large_image\" \/>\n<meta name=\"twitter:label1\" content=\"\u041f\u0440\u0438\u043c\u0435\u0440\u043d\u043e\u0435 \u0432\u0440\u0435\u043c\u044f \u0434\u043b\u044f \u0447\u0442\u0435\u043d\u0438\u044f\" \/>\n\t<meta name=\"twitter:data1\" content=\"1 \u043c\u0438\u043d\u0443\u0442\u0430\" \/>\n<script type=\"application\/ld+json\" class=\"yoast-schema-graph\">{\"@context\":\"https:\\\/\\\/schema.org\",\"@graph\":[{\"@type\":\"WebPage\",\"@id\":\"https:\\\/\\\/www.rebaudo.com\\\/impressum\\\/\",\"url\":\"https:\\\/\\\/www.rebaudo.com\\\/impressum\\\/\",\"name\":\"Impressum - Rebaudo - Anwalt f\u00fcr Immobilienrecht auf Mallorca\",\"isPartOf\":{\"@id\":\"https:\\\/\\\/www.rebaudo.com\\\/#website\"},\"datePublished\":\"2026-02-11T11:34:58+00:00\",\"dateModified\":\"2026-02-23T12:33:53+00:00\",\"breadcrumb\":{\"@id\":\"https:\\\/\\\/www.rebaudo.com\\\/impressum\\\/#breadcrumb\"},\"inLanguage\":\"ru-RU\",\"potentialAction\":[{\"@type\":\"ReadAction\",\"target\":[\"https:\\\/\\\/www.rebaudo.com\\\/impressum\\\/\"]}]},{\"@type\":\"BreadcrumbList\",\"@id\":\"https:\\\/\\\/www.rebaudo.com\\\/impressum\\\/#breadcrumb\",\"itemListElement\":[{\"@type\":\"ListItem\",\"position\":1,\"name\":\"Portada\",\"item\":\"https:\\\/\\\/www.rebaudo.com\\\/\"},{\"@type\":\"ListItem\",\"position\":2,\"name\":\"Impressum\"}]},{\"@type\":\"WebSite\",\"@id\":\"https:\\\/\\\/www.rebaudo.com\\\/#website\",\"url\":\"https:\\\/\\\/www.rebaudo.com\\\/\",\"name\":\"Rebaudo - Anwalt f\u00fcr Immobilienrecht auf Mallorca\",\"description\":\"Rebaudo\",\"publisher\":{\"@id\":\"https:\\\/\\\/www.rebaudo.com\\\/#organization\"},\"potentialAction\":[{\"@type\":\"SearchAction\",\"target\":{\"@type\":\"EntryPoint\",\"urlTemplate\":\"https:\\\/\\\/www.rebaudo.com\\\/?s={search_term_string}\"},\"query-input\":{\"@type\":\"PropertyValueSpecification\",\"valueRequired\":true,\"valueName\":\"search_term_string\"}}],\"inLanguage\":\"ru-RU\"},{\"@type\":\"Organization\",\"@id\":\"https:\\\/\\\/www.rebaudo.com\\\/#organization\",\"name\":\"Rebaudo - Anwalt f\u00fcr Immobilienrecht auf Mallorca\",\"url\":\"https:\\\/\\\/www.rebaudo.com\\\/\",\"logo\":{\"@type\":\"ImageObject\",\"inLanguage\":\"ru-RU\",\"@id\":\"https:\\\/\\\/www.rebaudo.com\\\/#\\\/schema\\\/logo\\\/image\\\/\",\"url\":\"https:\\\/\\\/www.rebaudo.com\\\/wp-content\\\/uploads\\\/2026\\\/01\\\/Pier-Rebaudo-Logo.webp\",\"contentUrl\":\"https:\\\/\\\/www.rebaudo.com\\\/wp-content\\\/uploads\\\/2026\\\/01\\\/Pier-Rebaudo-Logo.webp\",\"width\":1655,\"height\":720,\"caption\":\"Rebaudo - Anwalt f\u00fcr Immobilienrecht auf Mallorca\"},\"image\":{\"@id\":\"https:\\\/\\\/www.rebaudo.com\\\/#\\\/schema\\\/logo\\\/image\\\/\"}}]}<\/script>\n<!-- \/ Yoast SEO plugin. -->","yoast_head_json":{"title":"Impressum - Rebaudo - Anwalt f\u00fcr Immobilienrecht auf Mallorca","robots":{"index":"index","follow":"follow","max-snippet":"max-snippet:-1","max-image-preview":"max-image-preview:large","max-video-preview":"max-video-preview:-1"},"canonical":"https:\/\/www.rebaudo.com\/ru\/impressum\/","og_locale":"ru_RU","og_type":"article","og_title":"Impressum - Rebaudo - Anwalt f\u00fcr Immobilienrecht auf Mallorca","og_description":"Impressum Angaben gem\u00e4\u00df \u00a7 5 DDG Rebaudo Real Estate Lawyers SLPPlaza Espa\u00f1a 1107002 Palma de MallorcaSpanien NIF: B26615138 Vertreten durch Pieregidio Rebaudo Berufsbezeichnung und zust\u00e4ndige Kammer Berufsbezeichnung:Rechtsanwalt (verliehen in Spanien) Zust\u00e4ndige Kammer:Rechtsanwaltskammer der BalearenCol\u00b7legi d\u2019Advocats de les Illes BalearsC\/ Rambla 1007003 Palma de MallorcaSpanien Mitgliedsnummer: 6476 Eintragung Eingetragen im Handelsregister Spanien. Berufsrechtliche Regelungen Die anwaltliche [&hellip;]","og_url":"https:\/\/www.rebaudo.com\/ru\/impressum\/","og_site_name":"Rebaudo - Anwalt f\u00fcr Immobilienrecht auf Mallorca","article_modified_time":"2026-02-23T12:33:53+00:00","twitter_card":"summary_large_image","twitter_misc":{"\u041f\u0440\u0438\u043c\u0435\u0440\u043d\u043e\u0435 \u0432\u0440\u0435\u043c\u044f \u0434\u043b\u044f \u0447\u0442\u0435\u043d\u0438\u044f":"1 \u043c\u0438\u043d\u0443\u0442\u0430"},"schema":{"@context":"https:\/\/schema.org","@graph":[{"@type":"WebPage","@id":"https:\/\/www.rebaudo.com\/impressum\/","url":"https:\/\/www.rebaudo.com\/impressum\/","name":"Impressum - Rebaudo - Anwalt f\u00fcr Immobilienrecht auf Mallorca","isPartOf":{"@id":"https:\/\/www.rebaudo.com\/#website"},"datePublished":"2026-02-11T11:34:58+00:00","dateModified":"2026-02-23T12:33:53+00:00","breadcrumb":{"@id":"https:\/\/www.rebaudo.com\/impressum\/#breadcrumb"},"inLanguage":"ru-RU","potentialAction":[{"@type":"ReadAction","target":["https:\/\/www.rebaudo.com\/impressum\/"]}]},{"@type":"BreadcrumbList","@id":"https:\/\/www.rebaudo.com\/impressum\/#breadcrumb","itemListElement":[{"@type":"ListItem","position":1,"name":"Portada","item":"https:\/\/www.rebaudo.com\/"},{"@type":"ListItem","position":2,"name":"Impressum"}]},{"@type":"WebSite","@id":"https:\/\/www.rebaudo.com\/#website","url":"https:\/\/www.rebaudo.com\/","name":"\u0420\u0435\u0431\u0430\u0443\u0434\u043e \u2013 \u0410\u0434\u0432\u043e\u043a\u0430\u0442 \u043f\u043e \u043d\u0435\u0434\u0432\u0438\u0436\u0438\u043c\u043e\u0441\u0442\u0438 \u043d\u0430 \u041c\u0430\u0439\u043e\u0440\u043a\u0435","description":"\u0420\u0435\u0431\u043e\u0434\u043e","publisher":{"@id":"https:\/\/www.rebaudo.com\/#organization"},"potentialAction":[{"@type":"SearchAction","target":{"@type":"EntryPoint","urlTemplate":"https:\/\/www.rebaudo.com\/?s={search_term_string}"},"query-input":{"@type":"PropertyValueSpecification","valueRequired":true,"valueName":"search_term_string"}}],"inLanguage":"ru-RU"},{"@type":"Organization","@id":"https:\/\/www.rebaudo.com\/#organization","name":"\u0420\u0435\u0431\u0430\u0443\u0434\u043e \u2013 \u0410\u0434\u0432\u043e\u043a\u0430\u0442 \u043f\u043e \u043d\u0435\u0434\u0432\u0438\u0436\u0438\u043c\u043e\u0441\u0442\u0438 \u043d\u0430 \u041c\u0430\u0439\u043e\u0440\u043a\u0435","url":"https:\/\/www.rebaudo.com\/","logo":{"@type":"ImageObject","inLanguage":"ru-RU","@id":"https:\/\/www.rebaudo.com\/#\/schema\/logo\/image\/","url":"https:\/\/www.rebaudo.com\/wp-content\/uploads\/2026\/01\/Pier-Rebaudo-Logo.webp","contentUrl":"https:\/\/www.rebaudo.com\/wp-content\/uploads\/2026\/01\/Pier-Rebaudo-Logo.webp","width":1655,"height":720,"caption":"Rebaudo - Anwalt f\u00fcr Immobilienrecht auf Mallorca"},"image":{"@id":"https:\/\/www.rebaudo.com\/#\/schema\/logo\/image\/"}}]}},"uagb_featured_image_src":{"full":false,"thumbnail":false,"medium":false,"medium_large":false,"large":false,"1536x1536":false,"2048x2048":false,"trp-custom-language-flag":false},"uagb_author_info":{"display_name":"admin","author_link":"https:\/\/www.rebaudo.com\/ru\/author\/admin\/"},"uagb_comment_info":0,"uagb_excerpt":"Impressum Angaben gem\u00e4\u00df \u00a7 5 DDG Rebaudo Real Estate Lawyers SLPPlaza Espa\u00f1a 1107002 Palma de MallorcaSpanien NIF: B26615138 Vertreten durch Pieregidio Rebaudo Berufsbezeichnung und zust\u00e4ndige Kammer Berufsbezeichnung:Rechtsanwalt (verliehen in Spanien) Zust\u00e4ndige Kammer:Rechtsanwaltskammer der BalearenCol\u00b7legi d\u2019Advocats de les Illes BalearsC\/ Rambla 1007003 Palma de MallorcaSpanien Mitgliedsnummer: 6476 Eintragung Eingetragen im Handelsregister Spanien. Berufsrechtliche Regelungen Die anwaltliche&hellip;","_links":{"self":[{"href":"https:\/\/www.rebaudo.com\/ru\/wp-json\/wp\/v2\/pages\/1297","targetHints":{"allow":["GET"]}}],"collection":[{"href":"https:\/\/www.rebaudo.com\/ru\/wp-json\/wp\/v2\/pages"}],"about":[{"href":"https:\/\/www.rebaudo.com\/ru\/wp-json\/wp\/v2\/types\/page"}],"author":[{"embeddable":true,"href":"https:\/\/www.rebaudo.com\/ru\/wp-json\/wp\/v2\/users\/1"}],"replies":[{"embeddable":true,"href":"https:\/\/www.rebaudo.com\/ru\/wp-json\/wp\/v2\/comments?post=1297"}],"version-history":[{"count":4,"href":"https:\/\/www.rebaudo.com\/ru\/wp-json\/wp\/v2\/pages\/1297\/revisions"}],"predecessor-version":[{"id":1414,"href":"https:\/\/www.rebaudo.com\/ru\/wp-json\/wp\/v2\/pages\/1297\/revisions\/1414"}],"wp:attachment":[{"href":"https:\/\/www.rebaudo.com\/ru\/wp-json\/wp\/v2\/media?parent=1297"}],"curies":[{"name":"wp","href":"https:\/\/api.w.org\/{rel}","templated":true}]}}