{"id":1415,"date":"2026-02-23T13:44:15","date_gmt":"2026-02-23T12:44:15","guid":{"rendered":"https:\/\/www.rebaudo.com\/?page_id=1415"},"modified":"2026-02-23T13:44:15","modified_gmt":"2026-02-23T12:44:15","slug":"declaration-de-protection-des-donnees","status":"publish","type":"page","link":"https:\/\/www.rebaudo.com\/fr\/datenschutzerklaerung\/","title":{"rendered":"Politique de confidentialit\u00e9"},"content":{"rendered":"<h1 class=\"wp-block-heading\">Politique de confidentialit\u00e9<\/h1>\n\n\n\n<h2 class=\"wp-block-heading\">1. responsable<\/h2>\n\n\n\n<p>Le responsable du traitement des donn\u00e9es \u00e0 caract\u00e8re personnel sur ce site est :<\/p>\n\n\n\n<p>Rebaudo Real Estate Lawyers SLP<br>Plaza de Espa\u00f1a 11<br>07002 Palma de Majorque<br>Espagne<br>NIF : B26615138<br>E-mail: <a>rebaudo@rebaudo.com<\/a><\/p>\n\n\n\n<hr class=\"wp-block-separator has-alpha-channel-opacity\"\/>\n\n\n\n<h2 class=\"wp-block-heading\">2. collecte et traitement des donn\u00e9es \u00e0 caract\u00e8re personnel<\/h2>\n\n\n\n<p>Les donn\u00e9es personnelles sont collect\u00e9es lorsque vous nous les communiquez volontairement dans le cadre d'une demande de contact.<\/p>\n\n\n\n<p>Cela concerne en particulier<\/p>\n\n\n\n<ul class=\"wp-block-list\">\n<li>Pr\u00e9nom et nom<\/li>\n\n\n\n<li>Adresse e-mail<\/li>\n\n\n\n<li>Contenu de votre demande<\/li>\n<\/ul>\n\n\n\n<hr class=\"wp-block-separator has-alpha-channel-opacity\"\/>\n\n\n\n<h2 class=\"wp-block-heading\">3. finalit\u00e9 du traitement des donn\u00e9es<\/h2>\n\n\n\n<p>Le traitement de vos donn\u00e9es \u00e0 caract\u00e8re personnel a lieu aux fins suivantes :<\/p>\n\n\n\n<ul class=\"wp-block-list\">\n<li>Traitement de votre demande<\/li>\n\n\n\n<li>Prise de contact en rapport avec votre demande l\u00e9gale<\/li>\n\n\n\n<li>Introduction d'une \u00e9ventuelle relation de mandat<\/li>\n\n\n\n<li>Respect des obligations l\u00e9gales<\/li>\n<\/ul>\n\n\n\n<hr class=\"wp-block-separator has-alpha-channel-opacity\"\/>\n\n\n\n<h2 class=\"wp-block-heading\">4. base juridique du traitement<\/h2>\n\n\n\n<p>Le traitement est effectu\u00e9 sur la base de :<\/p>\n\n\n\n<ul class=\"wp-block-list\">\n<li>Art. 6, alin\u00e9a 1, lettre a du RGPD (consentement)<\/li>\n\n\n\n<li>Art. 6, alin\u00e9a 1, lettre b du RGPD (mesures pr\u00e9contractuelles)<\/li>\n\n\n\n<li>Art. 6, alin\u00e9a 1, lettre c du RGPD (obligation l\u00e9gale)<\/li>\n<\/ul>\n\n\n\n<hr class=\"wp-block-separator has-alpha-channel-opacity\"\/>\n\n\n\n<h2 class=\"wp-block-heading\">5. dur\u00e9e de conservation<\/h2>\n\n\n\n<p>Vos donn\u00e9es personnelles ne sont conserv\u00e9es que le temps n\u00e9cessaire au traitement de votre demande ou au respect des obligations l\u00e9gales de conservation.<\/p>\n\n\n\n<hr class=\"wp-block-separator has-alpha-channel-opacity\"\/>\n\n\n\n<h2 class=\"wp-block-heading\">6. transmission de donn\u00e9es<\/h2>\n\n\n\n<p>Vos donn\u00e9es personnelles ne seront pas transmises \u00e0 des tiers, sauf si :<\/p>\n\n\n\n<ul class=\"wp-block-list\">\n<li>la loi l'exige, ou<\/li>\n\n\n\n<li>cela est n\u00e9cessaire pour fournir des services juridiques<\/li>\n<\/ul>\n\n\n\n<hr class=\"wp-block-separator has-alpha-channel-opacity\"\/>\n\n\n\n<h2 class=\"wp-block-heading\">7. vos droits<\/h2>\n\n\n\n<p>Vous avez le droit<\/p>\n\n\n\n<ul class=\"wp-block-list\">\n<li>d'obtenir des informations sur vos donn\u00e9es enregistr\u00e9es<\/li>\n\n\n\n<li>demander la rectification de donn\u00e9es inexactes<\/li>\n\n\n\n<li>demander la suppression de vos donn\u00e9es<\/li>\n\n\n\n<li>demander la limitation du traitement<\/li>\n\n\n\n<li>de s'opposer au traitement<\/li>\n\n\n\n<li>demander la portabilit\u00e9 des donn\u00e9es<\/li>\n<\/ul>\n\n\n\n<p>Pour exercer vos droits, vous pouvez \u00e0 tout moment vous adresser \u00e0 l'adresse \u00e9lectronique suivante :<\/p>\n\n\n\n<p><a>rebaudo@rebaudo.com<\/a><\/p>\n\n\n\n<p>Vous avez \u00e9galement le droit de d\u00e9poser une plainte aupr\u00e8s de l'autorit\u00e9 de surveillance comp\u00e9tente en mati\u00e8re de protection des donn\u00e9es.<\/p>\n\n\n\n<p>L'autorit\u00e9 de surveillance comp\u00e9tente en Espagne est<\/p>\n\n\n\n<p>Agencia Espa\u00f1ola de Protecci\u00f3n de Datos (AEPD)<br><a href=\"https:\/\/www.aepd.es\">https:\/\/www.aepd.es<\/a><\/p>\n\n\n\n<hr class=\"wp-block-separator has-alpha-channel-opacity\"\/>\n\n\n\n<h2 class=\"wp-block-heading\">8. s\u00e9curit\u00e9 des donn\u00e9es<\/h2>\n\n\n\n<p>Des mesures techniques et organisationnelles appropri\u00e9es sont prises pour prot\u00e9ger vos donn\u00e9es personnelles contre la perte, la manipulation ou l'acc\u00e8s non autoris\u00e9.<\/p>\n\n\n\n<hr class=\"wp-block-separator has-alpha-channel-opacity\"\/>\n\n\n\n<h2 class=\"wp-block-heading\">9. les cookies<\/h2>\n\n\n\n<p>Vous trouverez des informations sur l'utilisation des cookies dans notre politique en mati\u00e8re de cookies (UE).<\/p>\n\n\n\n<hr class=\"wp-block-separator has-alpha-channel-opacity\"\/>\n\n\n\n<h2 class=\"wp-block-heading\">10. Google Analytics<\/h2>\n\n\n\n<p>Ce site web utilise Google Analytics, un service d'analyse web de Google Ireland Limited, Gordon House, Barrow Street, Dublin 4, Irlande.<\/p>\n\n\n\n<p>Google Analytics utilise des cookies qui permettent d'analyser l'utilisation du site web. Les informations g\u00e9n\u00e9r\u00e9es par le cookie concernant votre utilisation de ce site web sont g\u00e9n\u00e9ralement transmises \u00e0 un serveur de Google o\u00f9 elles sont enregistr\u00e9es.<\/p>\n\n\n\n<p>L'anonymisation IP est activ\u00e9e sur ce site.<\/p>\n\n\n\n<p>Le traitement est effectu\u00e9 sur la base de votre consentement conform\u00e9ment \u00e0 l'article 6, paragraphe 1, point a), du RGPD.<\/p>\n\n\n\n<p>Pour plus d'informations, voir<br><a href=\"https:\/\/policies.google.com\/privacy\">https:\/\/policies.google.com\/privacy<\/a><\/p>\n\n\n\n<hr class=\"wp-block-separator has-alpha-channel-opacity\"\/>\n\n\n\n<h2 class=\"wp-block-heading\">11. la Google Search Console<\/h2>\n\n\n\n<p>La Google Search Console est utilis\u00e9e pour la surveillance technique et l'optimisation du site web.<\/p>\n\n\n\n<p>Aucune donn\u00e9e personnelle des visiteurs du site n'est trait\u00e9e dans ce cadre, mais uniquement des informations techniques sur la visibilit\u00e9 du site dans les r\u00e9sultats de recherche Google.<\/p>\n\n\n\n<hr class=\"wp-block-separator has-alpha-channel-opacity\"\/>\n\n\n\n<h2 class=\"wp-block-heading\">12. polices de caract\u00e8res Google<\/h2>\n\n\n\n<p>Ce site web utilise Google Fonts pour une pr\u00e9sentation uniforme des polices de caract\u00e8res. Google Fonts est un service de Google Ireland Limited, Gordon House, Barrow Street, Dublin 4, Irlande.<\/p>\n\n\n\n<p>Lorsque vous consultez une page, il est possible que votre navigateur charge les polices n\u00e9cessaires \u00e0 partir des serveurs de Google. Votre adresse IP peut alors \u00eatre transmise \u00e0 Google.<\/p>\n\n\n\n<p>Le traitement est effectu\u00e9 sur la base de votre consentement conform\u00e9ment \u00e0 l'article 6, paragraphe 1, point a), du RGPD.<\/p>\n\n\n\n<p>Pour plus d'informations, voir<br><a href=\"https:\/\/policies.google.com\/privacy\">https:\/\/policies.google.com\/privacy<\/a><\/p>\n\n\n\n<hr class=\"wp-block-separator has-alpha-channel-opacity\"\/>\n\n\n\n<h2 class=\"wp-block-heading\">13. Google reCAPTCHA<\/h2>\n\n\n\n<p>Pour prot\u00e9ger les formulaires de contact contre une utilisation abusive, nous utilisons Google reCAPTCHA, un service de Google Ireland Limited.<\/p>\n\n\n\n<p>reCAPTCHA sert \u00e0 v\u00e9rifier si la saisie des donn\u00e9es est effectu\u00e9e par un \u00eatre humain ou par un programme automatis\u00e9.<\/p>\n\n\n\n<p>Dans ce cas, l'adresse IP et d'autres donn\u00e9es n\u00e9cessaires \u00e0 l'analyse peuvent \u00eatre transmises \u00e0 Google.<\/p>\n\n\n\n<p>Le traitement est effectu\u00e9 sur la base de votre consentement conform\u00e9ment \u00e0 l'article 6, paragraphe 1, point a), du RGPD.<\/p>\n\n\n\n<hr class=\"wp-block-separator has-alpha-channel-opacity\"\/>\n\n\n\n<h2 class=\"wp-block-heading\">14. formulaire de contact (WPForms)<\/h2>\n\n\n\n<p>Lorsque vous utilisez le formulaire de contact, les donn\u00e9es que vous avez saisies sont enregistr\u00e9es sur le serveur de ce site et utilis\u00e9es exclusivement pour traiter votre demande.<\/p>\n\n\n\n<p>Une transmission \u00e0 des tiers n'a pas lieu sans votre consentement explicite.<\/p>","protected":false},"excerpt":{"rendered":"<p>Datenschutzerkl\u00e4rung 1. Verantwortlicher Verantwortlich f\u00fcr die Verarbeitung personenbezogener Daten auf dieser Website ist: Rebaudo Real Estate Lawyers SLPPlaza de Espa\u00f1a 1107002 Palma de MallorcaSpanienNIF: B26615138E-Mail: rebaudo@rebaudo.com 2. Erhebung und Verarbeitung personenbezogener Daten Personenbezogene Daten werden erhoben, wenn Sie uns diese im Rahmen einer Kontaktanfrage freiwillig mitteilen. Dies betrifft insbesondere: 3. Zweck der Datenverarbeitung Die Verarbeitung [&hellip;]<\/p>\n","protected":false},"author":1,"featured_media":0,"parent":0,"menu_order":0,"comment_status":"closed","ping_status":"closed","template":"","meta":{"_uag_custom_page_level_css":"","site-sidebar-layout":"default","site-content-layout":"","ast-site-content-layout":"default","site-content-style":"default","site-sidebar-style":"default","ast-global-header-display":"","ast-banner-title-visibility":"","ast-main-header-display":"","ast-hfb-above-header-display":"","ast-hfb-below-header-display":"","ast-hfb-mobile-header-display":"","site-post-title":"disabled","ast-breadcrumbs-content":"","ast-featured-img":"","footer-sml-layout":"","ast-disable-related-posts":"","theme-transparent-header-meta":"","adv-header-id-meta":"","stick-header-meta":"","header-above-stick-meta":"","header-main-stick-meta":"","header-below-stick-meta":"","astra-migrate-meta-layouts":"set","ast-page-background-enabled":"default","ast-page-background-meta":{"desktop":{"background-color":"var(--ast-global-color-4)","background-image":"","background-repeat":"repeat","background-position":"center center","background-size":"auto","background-attachment":"scroll","background-type":"","background-media":"","overlay-type":"","overlay-color":"","overlay-opacity":"","overlay-gradient":""},"tablet":{"background-color":"","background-image":"","background-repeat":"repeat","background-position":"center center","background-size":"auto","background-attachment":"scroll","background-type":"","background-media":"","overlay-type":"","overlay-color":"","overlay-opacity":"","overlay-gradient":""},"mobile":{"background-color":"","background-image":"","background-repeat":"repeat","background-position":"center center","background-size":"auto","background-attachment":"scroll","background-type":"","background-media":"","overlay-type":"","overlay-color":"","overlay-opacity":"","overlay-gradient":""}},"ast-content-background-meta":{"desktop":{"background-color":"var(--ast-global-color-5)","background-image":"","background-repeat":"repeat","background-position":"center center","background-size":"auto","background-attachment":"scroll","background-type":"","background-media":"","overlay-type":"","overlay-color":"","overlay-opacity":"","overlay-gradient":""},"tablet":{"background-color":"var(--ast-global-color-5)","background-image":"","background-repeat":"repeat","background-position":"center center","background-size":"auto","background-attachment":"scroll","background-type":"","background-media":"","overlay-type":"","overlay-color":"","overlay-opacity":"","overlay-gradient":""},"mobile":{"background-color":"var(--ast-global-color-5)","background-image":"","background-repeat":"repeat","background-position":"center center","background-size":"auto","background-attachment":"scroll","background-type":"","background-media":"","overlay-type":"","overlay-color":"","overlay-opacity":"","overlay-gradient":""}},"footnotes":""},"class_list":["post-1415","page","type-page","status-publish","hentry"],"yoast_head":"<!-- This site is optimized with the Yoast SEO plugin v27.2 - https:\/\/yoast.com\/product\/yoast-seo-wordpress\/ -->\n<title>Datenschutzerkl\u00e4rung - Rebaudo - Anwalt f\u00fcr Immobilienrecht auf Mallorca<\/title>\n<meta name=\"robots\" content=\"index, follow, max-snippet:-1, max-image-preview:large, max-video-preview:-1\" \/>\n<link rel=\"canonical\" href=\"https:\/\/www.rebaudo.com\/fr\/declaration-de-protection-des-donnees\/\" \/>\n<meta property=\"og:locale\" content=\"fr_FR\" \/>\n<meta property=\"og:type\" content=\"article\" \/>\n<meta property=\"og:title\" content=\"Datenschutzerkl\u00e4rung - Rebaudo - Anwalt f\u00fcr Immobilienrecht auf Mallorca\" \/>\n<meta property=\"og:description\" content=\"Datenschutzerkl\u00e4rung 1. Verantwortlicher Verantwortlich f\u00fcr die Verarbeitung personenbezogener Daten auf dieser Website ist: Rebaudo Real Estate Lawyers SLPPlaza de Espa\u00f1a 1107002 Palma de MallorcaSpanienNIF: B26615138E-Mail: rebaudo@rebaudo.com 2. Erhebung und Verarbeitung personenbezogener Daten Personenbezogene Daten werden erhoben, wenn Sie uns diese im Rahmen einer Kontaktanfrage freiwillig mitteilen. Dies betrifft insbesondere: 3. Zweck der Datenverarbeitung Die Verarbeitung [&hellip;]\" \/>\n<meta property=\"og:url\" content=\"https:\/\/www.rebaudo.com\/fr\/declaration-de-protection-des-donnees\/\" \/>\n<meta property=\"og:site_name\" content=\"Rebaudo - Anwalt f\u00fcr Immobilienrecht auf Mallorca\" \/>\n<meta name=\"twitter:card\" content=\"summary_large_image\" \/>\n<meta name=\"twitter:label1\" content=\"Dur\u00e9e de lecture estim\u00e9e\" \/>\n\t<meta name=\"twitter:data1\" content=\"3 minutes\" \/>\n<script type=\"application\/ld+json\" class=\"yoast-schema-graph\">{\"@context\":\"https:\/\/schema.org\",\"@graph\":[{\"@type\":\"WebPage\",\"@id\":\"https:\/\/www.rebaudo.com\/datenschutzerklaerung\/\",\"url\":\"https:\/\/www.rebaudo.com\/datenschutzerklaerung\/\",\"name\":\"Datenschutzerkl\u00e4rung - Rebaudo - Anwalt f\u00fcr Immobilienrecht auf Mallorca\",\"isPartOf\":{\"@id\":\"https:\/\/www.rebaudo.com\/#website\"},\"datePublished\":\"2026-02-23T12:44:15+00:00\",\"breadcrumb\":{\"@id\":\"https:\/\/www.rebaudo.com\/datenschutzerklaerung\/#breadcrumb\"},\"inLanguage\":\"fr-FR\",\"potentialAction\":[{\"@type\":\"ReadAction\",\"target\":[\"https:\/\/www.rebaudo.com\/datenschutzerklaerung\/\"]}]},{\"@type\":\"BreadcrumbList\",\"@id\":\"https:\/\/www.rebaudo.com\/datenschutzerklaerung\/#breadcrumb\",\"itemListElement\":[{\"@type\":\"ListItem\",\"position\":1,\"name\":\"Portada\",\"item\":\"https:\/\/www.rebaudo.com\/\"},{\"@type\":\"ListItem\",\"position\":2,\"name\":\"Datenschutzerkl\u00e4rung\"}]},{\"@type\":\"WebSite\",\"@id\":\"https:\/\/www.rebaudo.com\/#website\",\"url\":\"https:\/\/www.rebaudo.com\/\",\"name\":\"Rebaudo - Anwalt f\u00fcr Immobilienrecht auf Mallorca\",\"description\":\"Rebaudo\",\"publisher\":{\"@id\":\"https:\/\/www.rebaudo.com\/#organization\"},\"potentialAction\":[{\"@type\":\"SearchAction\",\"target\":{\"@type\":\"EntryPoint\",\"urlTemplate\":\"https:\/\/www.rebaudo.com\/?s={search_term_string}\"},\"query-input\":{\"@type\":\"PropertyValueSpecification\",\"valueRequired\":true,\"valueName\":\"search_term_string\"}}],\"inLanguage\":\"fr-FR\"},{\"@type\":\"Organization\",\"@id\":\"https:\/\/www.rebaudo.com\/#organization\",\"name\":\"Rebaudo - Anwalt f\u00fcr Immobilienrecht auf Mallorca\",\"url\":\"https:\/\/www.rebaudo.com\/\",\"logo\":{\"@type\":\"ImageObject\",\"inLanguage\":\"fr-FR\",\"@id\":\"https:\/\/www.rebaudo.com\/#\/schema\/logo\/image\/\",\"url\":\"https:\/\/www.rebaudo.com\/wp-content\/uploads\/2026\/01\/Pier-Rebaudo-Logo.webp\",\"contentUrl\":\"https:\/\/www.rebaudo.com\/wp-content\/uploads\/2026\/01\/Pier-Rebaudo-Logo.webp\",\"width\":1655,\"height\":720,\"caption\":\"Rebaudo - Anwalt f\u00fcr Immobilienrecht auf Mallorca\"},\"image\":{\"@id\":\"https:\/\/www.rebaudo.com\/#\/schema\/logo\/image\/\"}}]}<\/script>\n<!-- \/ Yoast SEO plugin. -->","yoast_head_json":{"title":"Politique de confidentialit\u00e9 - Rebaudo - Avocat en droit immobilier \u00e0 Majorque","robots":{"index":"index","follow":"follow","max-snippet":"max-snippet:-1","max-image-preview":"max-image-preview:large","max-video-preview":"max-video-preview:-1"},"canonical":"https:\/\/www.rebaudo.com\/fr\/declaration-de-protection-des-donnees\/","og_locale":"fr_FR","og_type":"article","og_title":"Datenschutzerkl\u00e4rung - Rebaudo - Anwalt f\u00fcr Immobilienrecht auf Mallorca","og_description":"Datenschutzerkl\u00e4rung 1. Verantwortlicher Verantwortlich f\u00fcr die Verarbeitung personenbezogener Daten auf dieser Website ist: Rebaudo Real Estate Lawyers SLPPlaza de Espa\u00f1a 1107002 Palma de MallorcaSpanienNIF: B26615138E-Mail: rebaudo@rebaudo.com 2. Erhebung und Verarbeitung personenbezogener Daten Personenbezogene Daten werden erhoben, wenn Sie uns diese im Rahmen einer Kontaktanfrage freiwillig mitteilen. Dies betrifft insbesondere: 3. Zweck der Datenverarbeitung Die Verarbeitung [&hellip;]","og_url":"https:\/\/www.rebaudo.com\/fr\/declaration-de-protection-des-donnees\/","og_site_name":"Rebaudo - Anwalt f\u00fcr Immobilienrecht auf Mallorca","twitter_card":"summary_large_image","twitter_misc":{"Dur\u00e9e de lecture estim\u00e9e":"3 minutes"},"schema":{"@context":"https:\/\/schema.org","@graph":[{"@type":"WebPage","@id":"https:\/\/www.rebaudo.com\/datenschutzerklaerung\/","url":"https:\/\/www.rebaudo.com\/datenschutzerklaerung\/","name":"Politique de confidentialit\u00e9 - Rebaudo - Avocat en droit immobilier \u00e0 Majorque","isPartOf":{"@id":"https:\/\/www.rebaudo.com\/#website"},"datePublished":"2026-02-23T12:44:15+00:00","breadcrumb":{"@id":"https:\/\/www.rebaudo.com\/datenschutzerklaerung\/#breadcrumb"},"inLanguage":"fr-FR","potentialAction":[{"@type":"ReadAction","target":["https:\/\/www.rebaudo.com\/datenschutzerklaerung\/"]}]},{"@type":"BreadcrumbList","@id":"https:\/\/www.rebaudo.com\/datenschutzerklaerung\/#breadcrumb","itemListElement":[{"@type":"ListItem","position":1,"name":"Portada","item":"https:\/\/www.rebaudo.com\/"},{"@type":"ListItem","position":2,"name":"Datenschutzerkl\u00e4rung"}]},{"@type":"WebSite","@id":"https:\/\/www.rebaudo.com\/#website","url":"https:\/\/www.rebaudo.com\/","name":"Rebaudo - Avocat en droit immobilier \u00e0 Majorque","description":"Rebaudo","publisher":{"@id":"https:\/\/www.rebaudo.com\/#organization"},"potentialAction":[{"@type":"SearchAction","target":{"@type":"EntryPoint","urlTemplate":"https:\/\/www.rebaudo.com\/?s={search_term_string}"},"query-input":{"@type":"PropertyValueSpecification","valueRequired":true,"valueName":"search_term_string"}}],"inLanguage":"fr-FR"},{"@type":"Organization","@id":"https:\/\/www.rebaudo.com\/#organization","name":"Rebaudo - Avocat en droit immobilier \u00e0 Majorque","url":"https:\/\/www.rebaudo.com\/","logo":{"@type":"ImageObject","inLanguage":"fr-FR","@id":"https:\/\/www.rebaudo.com\/#\/schema\/logo\/image\/","url":"https:\/\/www.rebaudo.com\/wp-content\/uploads\/2026\/01\/Pier-Rebaudo-Logo.webp","contentUrl":"https:\/\/www.rebaudo.com\/wp-content\/uploads\/2026\/01\/Pier-Rebaudo-Logo.webp","width":1655,"height":720,"caption":"Rebaudo - Anwalt f\u00fcr Immobilienrecht auf Mallorca"},"image":{"@id":"https:\/\/www.rebaudo.com\/#\/schema\/logo\/image\/"}}]}},"uagb_featured_image_src":{"full":false,"thumbnail":false,"medium":false,"medium_large":false,"large":false,"1536x1536":false,"2048x2048":false,"trp-custom-language-flag":false},"uagb_author_info":{"display_name":"admin","author_link":"https:\/\/www.rebaudo.com\/fr\/author\/admin\/"},"uagb_comment_info":0,"uagb_excerpt":"Datenschutzerkl\u00e4rung 1. Verantwortlicher Verantwortlich f\u00fcr die Verarbeitung personenbezogener Daten auf dieser Website ist: Rebaudo Real Estate Lawyers SLPPlaza de Espa\u00f1a 1107002 Palma de MallorcaSpanienNIF: B26615138E-Mail: rebaudo@rebaudo.com 2. Erhebung und Verarbeitung personenbezogener Daten Personenbezogene Daten werden erhoben, wenn Sie uns diese im Rahmen einer Kontaktanfrage freiwillig mitteilen. Dies betrifft insbesondere: 3. Zweck der Datenverarbeitung Die Verarbeitung\u2026","_links":{"self":[{"href":"https:\/\/www.rebaudo.com\/fr\/wp-json\/wp\/v2\/pages\/1415","targetHints":{"allow":["GET"]}}],"collection":[{"href":"https:\/\/www.rebaudo.com\/fr\/wp-json\/wp\/v2\/pages"}],"about":[{"href":"https:\/\/www.rebaudo.com\/fr\/wp-json\/wp\/v2\/types\/page"}],"author":[{"embeddable":true,"href":"https:\/\/www.rebaudo.com\/fr\/wp-json\/wp\/v2\/users\/1"}],"replies":[{"embeddable":true,"href":"https:\/\/www.rebaudo.com\/fr\/wp-json\/wp\/v2\/comments?post=1415"}],"version-history":[{"count":1,"href":"https:\/\/www.rebaudo.com\/fr\/wp-json\/wp\/v2\/pages\/1415\/revisions"}],"predecessor-version":[{"id":1416,"href":"https:\/\/www.rebaudo.com\/fr\/wp-json\/wp\/v2\/pages\/1415\/revisions\/1416"}],"wp:attachment":[{"href":"https:\/\/www.rebaudo.com\/fr\/wp-json\/wp\/v2\/media?parent=1415"}],"curies":[{"name":"wp","href":"https:\/\/api.w.org\/{rel}","templated":true}]}}